{"id":149,"date":"2023-01-16T12:43:00","date_gmt":"2023-01-16T11:43:00","guid":{"rendered":"https:\/\/www.dv-sentjernej.si\/dv\/?page_id=149"},"modified":"2026-03-26T17:59:42","modified_gmt":"2026-03-26T16:59:42","slug":"laboratorij","status":"publish","type":"page","link":"https:\/\/www.dv-sentjernej.si\/dv\/laboratorij\/","title":{"rendered":"LABORATORIJ"},"content":{"rendered":"\n<div class=\"wp-block-columns is-layout-flex wp-container-core-columns-is-layout-28f84493 wp-block-columns-is-layout-flex\">\n<div class=\"wp-block-column is-layout-flow wp-block-column-is-layout-flow\" style=\"flex-basis:33.33%\">\n<figure class=\"wp-block-image size-full has-custom-border\"><img loading=\"lazy\" decoding=\"async\" width=\"640\" height=\"480\" src=\"https:\/\/www.dv-sentjernej.si\/dv\/wp-content\/uploads\/2023\/01\/lab-3.jpg\" alt=\"\" class=\"wp-image-194\" style=\"border-radius:15px\" srcset=\"https:\/\/www.dv-sentjernej.si\/dv\/wp-content\/uploads\/2023\/01\/lab-3.jpg 640w, https:\/\/www.dv-sentjernej.si\/dv\/wp-content\/uploads\/2023\/01\/lab-3-300x225.jpg 300w\" sizes=\"auto, (max-width: 640px) 100vw, 640px\" \/><\/figure>\n<\/div>\n\n\n\n<div class=\"wp-block-column is-layout-flow wp-block-column-is-layout-flow\" style=\"flex-basis:66.66%\">\n<p><strong>Delovni \u010das :<br>Delovanje laboratorija do 05.04.2026:<br>&#8211; \u010detrtek med 18:00 in 19:00.<\/strong><br>&#8211; <strong>nedelja med 9:00 in 10:00<\/strong><br>&#8211; <strong>po 05.04.2026 bo laboratorj odprt samo ob nedeljah med 09:00 in 10:00<\/strong><br><strong>Ob praznikih laboratorij ne obratuje.<\/strong> <strong>V \u010dasu od 15. 7. 2026 do 15. 8. 2026 bo laboratorij zaprt.<\/strong><br><strong><br><strong>Kontakt : Franci Bambi\u010d<br>Gsm: 041850720\u00a0<br>E-Mail :\u00a0<a href=\"mailto:laboratorij@dv-sentjernej.si?subject=Laboratorji.\">laboratorij@dv-sentjernej.si<\/a><\/strong><\/strong><\/p>\n<\/div>\n<\/div>\n\n\n\n<div class=\"wp-block-columns is-layout-flex wp-container-core-columns-is-layout-28f84493 wp-block-columns-is-layout-flex\">\n<div class=\"wp-block-column is-layout-flow wp-block-column-is-layout-flow\">\n<p>Laboratorij dru\u0161tva vinogradnikov se sedaj nahaja nad sla\u0161\u010di\u010darno Ko\u0161ak poleg krajevnega urada \u0160entjernej v centru \u0160entjerneja. Tam so prirejeni prostori za sestanke dru\u0161tva kakor tudi za izvajanje raznih kemi\u010dnih analiz vin.<\/p>\n\n\n\n<p>V laboratoriju se lahko izvedejo naslednje analize:<\/p>\n\n\n\n<p>1-&nbsp;Merjenje z napravo OenoFoss<br>2-&nbsp;Merjenje nepovretega sladkorja<br>3-&nbsp;Merjenje alkohola<br>4-&nbsp;Merjenje prostega \u017evepla<br>5-&nbsp;Merjenje skupnega \u017evepla<br>6-&nbsp;Merjenje skupnih kislin in PH vrednosti vina<br>7-&nbsp;Izvedba senzori\u010dne analize<\/p>\n<\/div>\n<\/div>\n\n\n\n<p><\/p>\n","protected":false},"excerpt":{"rendered":"<p>Delovni \u010das :Delovanje laboratorija do 05.04.2026:&#8211; \u010detrtek med 18:00 in 19:00.&#8211; nedelja med 9:00 in 10:00&#8211; po 05.04.2026 bo laboratorj odprt samo ob nedeljah med 09:00 in 10:00Ob praznikih laboratorij ne obratuje. V \u010dasu od 15. 7. 2026 do 15. 8. 2026 bo laboratorij zaprt.Kontakt : Franci Bambi\u010dGsm: 041850720\u00a0E-Mail :\u00a0laboratorij@dv-sentjernej.si Laboratorij dru\u0161tva vinogradnikov se sedaj [&hellip;]<\/p>\n","protected":false},"author":1,"featured_media":143,"parent":0,"menu_order":0,"comment_status":"closed","ping_status":"closed","template":"","meta":{"_editorskit_title_hidden":false,"_editorskit_reading_time":1,"_editorskit_is_block_options_detached":false,"_editorskit_block_options_position":"{}","footnotes":""},"class_list":["post-149","page","type-page","status-publish","has-post-thumbnail","hentry"],"_links":{"self":[{"href":"https:\/\/www.dv-sentjernej.si\/dv\/wp-json\/wp\/v2\/pages\/149","targetHints":{"allow":["GET"]}}],"collection":[{"href":"https:\/\/www.dv-sentjernej.si\/dv\/wp-json\/wp\/v2\/pages"}],"about":[{"href":"https:\/\/www.dv-sentjernej.si\/dv\/wp-json\/wp\/v2\/types\/page"}],"author":[{"embeddable":true,"href":"https:\/\/www.dv-sentjernej.si\/dv\/wp-json\/wp\/v2\/users\/1"}],"replies":[{"embeddable":true,"href":"https:\/\/www.dv-sentjernej.si\/dv\/wp-json\/wp\/v2\/comments?post=149"}],"version-history":[{"count":13,"href":"https:\/\/www.dv-sentjernej.si\/dv\/wp-json\/wp\/v2\/pages\/149\/revisions"}],"predecessor-version":[{"id":541,"href":"https:\/\/www.dv-sentjernej.si\/dv\/wp-json\/wp\/v2\/pages\/149\/revisions\/541"}],"wp:featuredmedia":[{"embeddable":true,"href":"https:\/\/www.dv-sentjernej.si\/dv\/wp-json\/wp\/v2\/media\/143"}],"wp:attachment":[{"href":"https:\/\/www.dv-sentjernej.si\/dv\/wp-json\/wp\/v2\/media?parent=149"}],"curies":[{"name":"wp","href":"https:\/\/api.w.org\/{rel}","templated":true}]}}